{"id":22,"date":"2017-03-18T17:46:27","date_gmt":"2017-03-18T16:46:27","guid":{"rendered":"http:\/\/www.aenderungsatelier-aksoy.de\/?page_id=22"},"modified":"2020-05-08T12:34:04","modified_gmt":"2020-05-08T10:34:04","slug":"impressum","status":"publish","type":"page","link":"http:\/\/www.aenderungsatelier-aksoy.de\/index.php\/impressum","title":{"rendered":"Impressum"},"content":{"rendered":"<p>\u00c4nderungs-Atelier Aksoy<br \/>\n&#8211; Im Levantehaus 1. OG &#8211;<\/p>\n<p>M\u00f6nckebergstra\u00dfe 7<br \/>\n20095 Hamburg<br \/>\nTelefon: + 49 40 32526299<\/p>\n<p>Internet: http:\/\/www.aenderungsatelier-aksoy.de<br \/>\n\u00c4nderungsatelier Aksoy wird vertreten durch Sema Aksoy<br \/>\nFinanzamt Hamburg Hansa &#8211; Steuer Nr. 48 \/ 003 \/ 00067<\/p>\n","protected":false},"excerpt":{"rendered":"<p>\u00c4nderungs-Atelier Aksoy &#8211; Im Levantehaus 1. OG &#8211; M\u00f6nckebergstra\u00dfe 7 20095 Hamburg Telefon: + 49 40 32526299 Internet: http:\/\/www.aenderungsatelier-aksoy.de \u00c4nderungsatelier Aksoy wird vertreten durch Sema Aksoy Finanzamt Hamburg Hansa &#8211; Steuer Nr. 48 \/ 003 \/ 00067<\/p>\n","protected":false},"author":1,"featured_media":0,"parent":0,"menu_order":0,"comment_status":"closed","ping_status":"closed","template":"","meta":[],"_links":{"self":[{"href":"http:\/\/www.aenderungsatelier-aksoy.de\/index.php\/wp-json\/wp\/v2\/pages\/22"}],"collection":[{"href":"http:\/\/www.aenderungsatelier-aksoy.de\/index.php\/wp-json\/wp\/v2\/pages"}],"about":[{"href":"http:\/\/www.aenderungsatelier-aksoy.de\/index.php\/wp-json\/wp\/v2\/types\/page"}],"author":[{"embeddable":true,"href":"http:\/\/www.aenderungsatelier-aksoy.de\/index.php\/wp-json\/wp\/v2\/users\/1"}],"replies":[{"embeddable":true,"href":"http:\/\/www.aenderungsatelier-aksoy.de\/index.php\/wp-json\/wp\/v2\/comments?post=22"}],"version-history":[{"count":4,"href":"http:\/\/www.aenderungsatelier-aksoy.de\/index.php\/wp-json\/wp\/v2\/pages\/22\/revisions"}],"predecessor-version":[{"id":68,"href":"http:\/\/www.aenderungsatelier-aksoy.de\/index.php\/wp-json\/wp\/v2\/pages\/22\/revisions\/68"}],"wp:attachment":[{"href":"http:\/\/www.aenderungsatelier-aksoy.de\/index.php\/wp-json\/wp\/v2\/media?parent=22"}],"curies":[{"name":"wp","href":"https:\/\/api.w.org\/{rel}","templated":true}]}}