{"id":24,"date":"2017-03-18T18:07:22","date_gmt":"2017-03-18T17:07:22","guid":{"rendered":"http:\/\/www.aenderungsatelier-aksoy.de\/?page_id=24"},"modified":"2017-03-19T21:05:55","modified_gmt":"2017-03-19T20:05:55","slug":"datenschutz","status":"publish","type":"page","link":"http:\/\/www.aenderungsatelier-aksoy.de\/index.php\/datenschutz","title":{"rendered":"Datenschutzerkl\u00e4rung"},"content":{"rendered":"<div class=\"janolaw-text\">\n<p>\u00c4nderungs-Atelier Aksoy (Sema Aksoy)<\/p>\n<\/div>\n<div class=\"janolaw-paragraph\">\u00a7 1 Allgemeines<\/div>\n<div class=\"janolaw-text\">\n<p>Ihre personenbezogenen Daten (z.B. Anrede, Name, Anschrift, E-Mail-Adresse, Telefonnummer, Bankverbindung, Kreditkartennummer) werden von uns nur gem\u00e4\u00df den Bestimmungen des deutschen Datenschutzrechts verarbeitet. Die nachfolgenden Vorschriften informieren Sie \u00fcber Art, Umfang und Zweck der Erhebung, Verarbeitung und Nutzung personenbezogener Daten. Diese Datenschutzerkl\u00e4rung bezieht sich nur auf unsere Websites. Falls Sie \u00fcber Links auf unseren Seiten auf andere Seiten weitergeleitet werden, informieren Sie sich bitte dort \u00fcber den jeweiligen Umgang mit Ihren Daten.<\/p>\n<\/div>\n<div class=\"janolaw-paragraph\">\u00a7 2 Social Plugins<\/div>\n<div class=\"janolaw-text\">\n<p>(1) Wir verwenden Social Plugins von facebook.com, betrieben durch Facebook Inc., 1601 S. California Ave, Palo Alto, CA 94304, USA. Die Plugins sind an dem Facebook Logo oder dem Zusatz &#8220;<em>Facebook Social Plugin<\/em>&#8221; zu erkennen. Wenn Sie z.B. den &#8220;<em>Gef\u00e4llt mir<\/em>&#8221; Button anklicken oder einen Kommentar abgeben, wird die entsprechende Information von Ihrem Browser direkt an Facebook \u00fcbermittelt und dort gespeichert. Weiterhin macht Facebook Ihre Vorlieben f\u00fcr Ihre Facebook-Freunde \u00f6ffentlich. Sind Sie bei Facebook eingeloggt, kann Facebook den Aufruf unserer Seite Ihrem Facebook-Konto direkt zuordnen. Auch wenn Sie nicht eingeloggt sind oder gar kein Facebook-Konto besitzen, \u00fcbermittelt Ihr Browser Informationen (z.B. welche Website Sie aufgerufen haben, Ihre IP-Adresse), die von Facebook gespeichert werden. Details zum Umgang mit Ihren pers\u00f6nlichen Daten durch Facebook sowie Ihren diesbez\u00fcglichen Rechten entnehmen Sie bitte den Datenschutzhinweisen von <a href=\"http:\/\/www.facebook.com\/policy.php\" target=\"_blank\">Facebook<\/a>. Wenn Sie nicht m\u00f6chten, dass Facebook die \u00fcber unsere Websites \u00fcber Sie gesammelten Daten Ihrem Facebook-Konto zuordnet, m\u00fcssen Sie sich vor Ihrem Besuch unserer Websites bei Facebook ausloggen. Sie k\u00f6nnen das Laden der Facebook Plugins auch mit Add-Ons f\u00fcr Ihren Browser komplett verhindern, z.B. mit dem &#8220;<em>Facebook Blocker<\/em>&#8221; (Facebook).<\/p>\n<p>(2) Wir verwenden mit Twitter und den Re-Tweet-Funktionen sog. &#8220;<em>Social Plugins<\/em>&#8221; von twitter.com, betrieben durch die Twitter Inc. 795 Folsom St., Suite 600, San Francisco, CA 94107, USA. Wenn Sie die Re-Tweet Funktionen nutzen, werden die von Ihnen besuchten Websites Dritten bekanntgegeben und mit Ihrem Twitter-Account verbunden. Details zum Umgang mit Ihren Daten durch Twitter sowie zu Ihren Rechten und Einstellungsm\u00f6glichkeiten zum Schutz Ihrer pers\u00f6nlichen Daten k\u00f6nnen Sie den Datenschutzhinweisen von <a href=\"http:\/\/twitter.com\/privacy\" target=\"_blank\">Twitter<\/a> entnehmen. Wenn Sie nicht m\u00f6chten, dass Twitter die \u00fcber unseren Webauftritt gesammelten Daten unmittelbar Ihrem Twitter-Account zuordnet, m\u00fcssen Sie sich vor Ihrem Besuch unserer Website bei Twitter ausloggen. Sie k\u00f6nnen das Laden der Twitter Plugins auch mit Add-Ons f\u00fcr Ihren Browser komplett verhindern, z.B. mit dem Skript-Blocker (NoScript).<\/p>\n<p>(3) Social Plugins von Google+ Auf unserer Website werden sog. Social Plugins (&#8220;<em>Plugins<\/em>&#8220;) des sozialen Netzwerkes Google+, das von der Google Inc., 1600 Amphitheatre Parkway, Mountain View, CA 94043, USA (&#8220;<em>Google<\/em>&#8220;) betrieben wird, verwendet. Die Plugins sind z.B. an Buttons mit dem Zeichen &#8220;<em>+1<\/em>&#8221; auf wei\u00dfem oder farbigem Hintergrund erkennbar. Eine \u00dcbersicht \u00fcber die Google Plugins und deren Aussehen finden Sie <a href=\"https:\/\/developers.google.com\/+\/plugins\" target=\"_blank\">hier.<\/a><\/p>\n<p>Wenn Sie eine Seite unseres Webauftritts aufrufen, die ein solches Plugin enth\u00e4lt, baut Ihr Browser eine direkte Verbindung zu den Servern von Google auf. Der Inhalt des Plugins wird von Google direkt an Ihren Browser \u00fcbermittelt und in die Seite eingebunden. Durch die Einbindung erh\u00e4lt Google die Information, dass Ihr Browser die entsprechende Seite unseres Webauftritts aufgerufen hat, auch wenn Sie kein Profil bei Google+ besitzen oder gerade nicht bei Google+ eingeloggt sind. Diese Information (einschlie\u00dflich Ihrer IP-Adresse) wird von Ihrem Browser direkt an einen Server von Google in die USA \u00fcbermittelt und dort gespeichert.<\/p>\n<p>Sind Sie bei Google+ eingeloggt, kann Google den Besuch unserer Website Ihrem Google+ Profil unmittelbar zuordnen. Wenn Sie mit den Plugins interagieren, zum Beispiel den &#8220;<em>+1<\/em>&#8220;-Button bet\u00e4tigen, wird die entsprechende Information ebenfalls direkt an einen Server von Google \u00fcbermittelt und dort gespeichert. Die Informationen werden au\u00dferdem auf Google+ ver\u00f6ffentlicht und Ihren Kontakten auf Google+ angezeigt.<\/p>\n<p>Zweck und Umfang der Datenerhebung und die weitere Verarbeitung und Nutzung der Daten durch Google sowie Ihre diesbez\u00fcglichen Rechte und Einstellungsm\u00f6glichkeiten zum Schutz Ihrer Privatsph\u00e4re entnehmen Sie bitte den Datenschutzhinweisen von <a href=\"http:\/\/www.google.com\/intl\/de\/+\/policy\/+1button.html\" target=\"_blank\">Google.<\/a><\/p>\n<p>Wenn Sie nicht m\u00f6chten, dass Google die \u00fcber unseren Webauftritt gesammelten Daten unmittelbar Ihrem Profil auf Google+ zuordnet, m\u00fcssen Sie sich vor Ihrem Besuch unserer Website bei Google+ ausloggen. Sie k\u00f6nnen das Laden der Google Plugins auch mit Add-Ons f\u00fcr Ihren Browser komplett verhindern.<\/p>\n<\/div>\n<div class=\"janolaw-paragraph\">\u00a7 3 Webanzeigedienst mit Google Adsense<\/div>\n<div class=\"janolaw-text\">\n<p>Soweit Google Adsense, einen Webanzeigendienst der Google Inc., USA (&#8220;<em>Google<\/em>&#8220;), auf dieser Website Werbung (Textanzeigen, Banner etc.) schaltet, speichert Ihr Browser eventuell ein von Google Inc. oder Dritten gesendetes Cookie. Die in dem Cookie gespeicherten Informationen k\u00f6nnen durch Google Inc. oder auch Dritte aufgezeichnet, gesammelt und ausgewertet werden. Dar\u00fcber hinaus verwendet Google Adsense zur Sammlung von Informationen auch sog. &#8220;<em>Web Beacons<\/em>&#8221; (kleine unsichtbare Grafiken), durch deren Verwendung einfache Aktionen wie der Besucherverkehr auf der Website aufgezeichnet, gesammelt und ausgewertet werden k\u00f6nnen. Die durch den Cookie und\/oder Web Beacon erzeugten Informationen \u00fcber Ihre Nutzung dieser Website werden an einen Server von Google in den USA \u00fcbertragen und dort gespeichert. Google benutzt die so erhaltenen Informationen, um eine Auswertung Ihres Nutzungsverhaltens im Hinblick auf die Adsense-Anzeigen durchzuf\u00fchren. Google wird diese Informationen gegebenenfalls auch an Dritte \u00fcbertragen, sofern dies gesetzlich vorgeschrieben ist oder soweit Dritte diese Daten im Auftrag von Google verarbeiten. Sie k\u00f6nnen das Speichern von Cookies auf Ihrer Festplatte und die Anzeige von Web Beacons verhindern. Dazu m\u00fcssen Sie in Ihren Browser-Einstellungen &#8220;<em>keine Cookies akzeptieren<\/em>&#8221; w\u00e4hlen<\/p>\n<\/div>\n<div class=\"janolaw-paragraph\">\u00a7 4 Newsletter<\/div>\n<div class=\"janolaw-text\">\n<p>Bei Anmeldung zum Newsletter wird Ihre E-Mail-Adresse f\u00fcr eigene Werbezwecke genutzt, bis Sie sich vom Newsletter abmelden. Die Abmeldung ist jederzeit m\u00f6glich. Die nachstehende Einwilligung haben Sie gesondert oder ggf. im Verlauf des Bestellprozesses ausdr\u00fccklich erteilt: Newsletter abonnieren Ihre Einwilligung k\u00f6nnen Sie jederzeit mit Wirkung f\u00fcr die Zukunft widerrufen. Wenn Sie den Newsletter nicht weiter beziehen wollen, dann k\u00f6nnen Sie sich folgenderma\u00dfen abmelden: per E-Mail<\/p>\n<\/div>\n<div class=\"janolaw-paragraph\">\u00a7 5 Auskunft<\/div>\n<div class=\"janolaw-text\">\n<p>Nach dem Bundesdatenschutzgesetz (BDSG) haben Sie ein Recht auf unentgeltliche Auskunft \u00fcber Ihre gespeicherten Daten sowie ggf. ein Recht auf Berichtigung, Sperrung oder L\u00f6schung dieser Daten. Fragen k\u00f6nnen Sie z.B. \u00fcber das Kontaktformular stellen oder rufen Sie einfach an.<\/p>\n<\/div>\n","protected":false},"excerpt":{"rendered":"<p>\u00c4nderungs-Atelier Aksoy (Sema Aksoy) \u00a7 1 Allgemeines Ihre personenbezogenen Daten (z.B. Anrede, Name, Anschrift, E-Mail-Adresse, Telefonnummer, Bankverbindung, Kreditkartennummer) werden von uns nur gem\u00e4\u00df den Bestimmungen des deutschen Datenschutzrechts verarbeitet. Die nachfolgenden Vorschriften informieren Sie \u00fcber Art, Umfang und Zweck der Erhebung, Verarbeitung und Nutzung personenbezogener Daten. Diese Datenschutzerkl\u00e4rung bezieht sich nur auf unsere Websites. Falls<\/p>\n<div class=\"read-more\"><a href=\"http:\/\/www.aenderungsatelier-aksoy.de\/index.php\/datenschutz\" title=\"Read More\">Keep Reading<i class=\"icon icon-angle-right\"><\/i><\/a><\/div>\n","protected":false},"author":1,"featured_media":0,"parent":0,"menu_order":0,"comment_status":"closed","ping_status":"closed","template":"","meta":[],"_links":{"self":[{"href":"http:\/\/www.aenderungsatelier-aksoy.de\/index.php\/wp-json\/wp\/v2\/pages\/24"}],"collection":[{"href":"http:\/\/www.aenderungsatelier-aksoy.de\/index.php\/wp-json\/wp\/v2\/pages"}],"about":[{"href":"http:\/\/www.aenderungsatelier-aksoy.de\/index.php\/wp-json\/wp\/v2\/types\/page"}],"author":[{"embeddable":true,"href":"http:\/\/www.aenderungsatelier-aksoy.de\/index.php\/wp-json\/wp\/v2\/users\/1"}],"replies":[{"embeddable":true,"href":"http:\/\/www.aenderungsatelier-aksoy.de\/index.php\/wp-json\/wp\/v2\/comments?post=24"}],"version-history":[{"count":4,"href":"http:\/\/www.aenderungsatelier-aksoy.de\/index.php\/wp-json\/wp\/v2\/pages\/24\/revisions"}],"predecessor-version":[{"id":52,"href":"http:\/\/www.aenderungsatelier-aksoy.de\/index.php\/wp-json\/wp\/v2\/pages\/24\/revisions\/52"}],"wp:attachment":[{"href":"http:\/\/www.aenderungsatelier-aksoy.de\/index.php\/wp-json\/wp\/v2\/media?parent=24"}],"curies":[{"name":"wp","href":"https:\/\/api.w.org\/{rel}","templated":true}]}}