{"id":8,"date":"2017-03-18T17:31:04","date_gmt":"2017-03-18T16:31:04","guid":{"rendered":"http:\/\/www.aenderungsatelier-aksoy.de\/?page_id=8"},"modified":"2017-03-19T21:09:05","modified_gmt":"2017-03-19T20:09:05","slug":"leistungen","status":"publish","type":"page","link":"http:\/\/www.aenderungsatelier-aksoy.de\/index.php\/leistungen","title":{"rendered":"Professionelle Schneiderkunst seit \u00fcber 20 Jahren!"},"content":{"rendered":"<p>Wenn ein Outfit mal nicht perfekt sitzt, wird es bei uns passend gemacht. Professionelle Schneiderinnen und Schneider garantieren hohe Qualit\u00e4t und schnellen Service. \u00c4nderungen werden immer so schnell wie m\u00f6glich durchgef\u00fchrt. Wenn es einmal ganz besonders eilt, bieten wir &#8211; wenn es die Kapazit\u00e4t der Schneiderei zul\u00e4sst &#8211; einen Express Service f\u00fcr \u00c4nderungen innerhalb von einer Stunde an.<\/p>\n<p><strong>\u00c4nderungen<\/strong><\/p>\n<p>Die Hose ist zu lang, das Kleid passt nicht mehr, die Kinderhose hat vom vielen Spielen ein Loch oder der Rei\u00dfverschluss klemmt. S\u00e4mtliche \u00c4nderungen und Reparaturen werden schnell und professionel ausgef\u00fchrt, damit Ihr Kleidungsst\u00fcck wieder in neuem Glanz erstrahlt.<\/p>\n<p><img decoding=\"async\" loading=\"lazy\" class=\"alignnone size-full wp-image-39\" src=\"http:\/\/www.aenderungsatelier-aksoy.de\/wp-content\/uploads\/2017\/03\/aenderungen_hose_m\u00f6nckebergstrasse.png\" alt=\"\" width=\"1171\" height=\"496\" srcset=\"http:\/\/www.aenderungsatelier-aksoy.de\/wp-content\/uploads\/2017\/03\/aenderungen_hose_m\u00f6nckebergstrasse.png 1171w, http:\/\/www.aenderungsatelier-aksoy.de\/wp-content\/uploads\/2017\/03\/aenderungen_hose_m\u00f6nckebergstrasse-300x127.png 300w, http:\/\/www.aenderungsatelier-aksoy.de\/wp-content\/uploads\/2017\/03\/aenderungen_hose_m\u00f6nckebergstrasse-1024x434.png 1024w, http:\/\/www.aenderungsatelier-aksoy.de\/wp-content\/uploads\/2017\/03\/aenderungen_hose_m\u00f6nckebergstrasse-1170x496.png 1170w, http:\/\/www.aenderungsatelier-aksoy.de\/wp-content\/uploads\/2017\/03\/aenderungen_hose_m\u00f6nckebergstrasse-300x127@2x.png 600w\" sizes=\"(max-width: 1171px) 100vw, 1171px\" \/><\/p>\n<p>&nbsp;<\/p>\n<p><strong>Ma\u00dfanfertigung<\/strong><\/p>\n<p>In einem Gespr\u00e4ch stellen Sie mir Ihre Idee vor oder wir entwickeln Ihr Wunschmodell gemeinsam. Dabei fertige ich eine Skizze an, nach der ich einen Schnitt mit Ihren Ma\u00dfen aufstelle. Nach der ersten Anprobe werden Ihre W\u00fcnsche und \u00c4nderungen zur zweiten Anprobe hergerichtet. Erst wenn Ihr Modell perfekt passt, wird es fertiggestellt.<\/p>\n<p><img decoding=\"async\" loading=\"lazy\" class=\"alignnone size-full wp-image-38\" src=\"http:\/\/www.aenderungsatelier-aksoy.de\/wp-content\/uploads\/2017\/03\/schneiderei_m\u00f6nckebergstrasse_aksoy.png\" alt=\"\" width=\"1171\" height=\"496\" srcset=\"http:\/\/www.aenderungsatelier-aksoy.de\/wp-content\/uploads\/2017\/03\/schneiderei_m\u00f6nckebergstrasse_aksoy.png 1171w, http:\/\/www.aenderungsatelier-aksoy.de\/wp-content\/uploads\/2017\/03\/schneiderei_m\u00f6nckebergstrasse_aksoy-300x127.png 300w, http:\/\/www.aenderungsatelier-aksoy.de\/wp-content\/uploads\/2017\/03\/schneiderei_m\u00f6nckebergstrasse_aksoy-1024x434.png 1024w, http:\/\/www.aenderungsatelier-aksoy.de\/wp-content\/uploads\/2017\/03\/schneiderei_m\u00f6nckebergstrasse_aksoy-1170x496.png 1170w, http:\/\/www.aenderungsatelier-aksoy.de\/wp-content\/uploads\/2017\/03\/schneiderei_m\u00f6nckebergstrasse_aksoy-300x127@2x.png 600w\" sizes=\"(max-width: 1171px) 100vw, 1171px\" \/><\/p>\n","protected":false},"excerpt":{"rendered":"<p>Wenn ein Outfit mal nicht perfekt sitzt, wird es bei uns passend gemacht. Professionelle Schneiderinnen und Schneider garantieren hohe Qualit\u00e4t und schnellen Service. \u00c4nderungen werden immer so schnell wie m\u00f6glich durchgef\u00fchrt. Wenn es einmal ganz besonders eilt, bieten wir &#8211; wenn es die Kapazit\u00e4t der Schneiderei zul\u00e4sst &#8211; einen Express Service f\u00fcr \u00c4nderungen innerhalb von<\/p>\n<div class=\"read-more\"><a href=\"http:\/\/www.aenderungsatelier-aksoy.de\/index.php\/leistungen\" title=\"Read More\">Keep Reading<i class=\"icon icon-angle-right\"><\/i><\/a><\/div>\n","protected":false},"author":1,"featured_media":41,"parent":0,"menu_order":0,"comment_status":"closed","ping_status":"closed","template":"","meta":[],"_links":{"self":[{"href":"http:\/\/www.aenderungsatelier-aksoy.de\/index.php\/wp-json\/wp\/v2\/pages\/8"}],"collection":[{"href":"http:\/\/www.aenderungsatelier-aksoy.de\/index.php\/wp-json\/wp\/v2\/pages"}],"about":[{"href":"http:\/\/www.aenderungsatelier-aksoy.de\/index.php\/wp-json\/wp\/v2\/types\/page"}],"author":[{"embeddable":true,"href":"http:\/\/www.aenderungsatelier-aksoy.de\/index.php\/wp-json\/wp\/v2\/users\/1"}],"replies":[{"embeddable":true,"href":"http:\/\/www.aenderungsatelier-aksoy.de\/index.php\/wp-json\/wp\/v2\/comments?post=8"}],"version-history":[{"count":3,"href":"http:\/\/www.aenderungsatelier-aksoy.de\/index.php\/wp-json\/wp\/v2\/pages\/8\/revisions"}],"predecessor-version":[{"id":43,"href":"http:\/\/www.aenderungsatelier-aksoy.de\/index.php\/wp-json\/wp\/v2\/pages\/8\/revisions\/43"}],"wp:featuredmedia":[{"embeddable":true,"href":"http:\/\/www.aenderungsatelier-aksoy.de\/index.php\/wp-json\/wp\/v2\/media\/41"}],"wp:attachment":[{"href":"http:\/\/www.aenderungsatelier-aksoy.de\/index.php\/wp-json\/wp\/v2\/media?parent=8"}],"curies":[{"name":"wp","href":"https:\/\/api.w.org\/{rel}","templated":true}]}}